{"id":756,"date":"2017-12-08T12:52:35","date_gmt":"2017-12-08T11:52:35","guid":{"rendered":"http:\/\/www.aftt.be\/luxembourg\/?page_id=756"},"modified":"2024-03-24T12:56:42","modified_gmt":"2024-03-24T11:56:42","slug":"cahiers-des-charges","status":"publish","type":"page","link":"https:\/\/luxembourg.aftt.be\/index.php\/documents\/cahiers-des-charges\/","title":{"rendered":"cahiers des charges"},"content":{"rendered":"<p><em>Voici les liens vers les diff\u00e9rents <span style=\"color: #ff0000;\"><strong>cahiers des charges<\/strong> <\/span>pour les organisations provinciales<br \/>\n<\/em><\/p>\n<ol>\n<li>Ag mai : <a href=\"http:\/\/www.aftt.be\/luxembourg\/wp-content\/uploads\/2017\/12\/contratAGmai.pdf\">Lien<\/a><\/li>\n<li>Ag septembre : <a href=\"http:\/\/www.aftt.be\/luxembourg\/wp-content\/uploads\/2017\/12\/contratAGseptembre.pdf\">Lien<\/a><\/li>\n<li>Comp\u00e9tition Bastogne : <a href=\"https:\/\/luxembourg.aftt.be\/wp-content\/uploads\/2024\/03\/CAHIERDESCHARGES09BASTOGNE.pdf\">lien<\/a><\/li>\n<li>Comp\u00e9tition Tenneville : <a href=\"https:\/\/luxembourg.aftt.be\/wp-content\/uploads\/2024\/03\/CAHIER-DES-CHARGES-COMPETITIONS-TENNEVILLE.pdf\">lien<\/a><\/li>\n<\/ol>\n","protected":false},"excerpt":{"rendered":"<p>Voici les liens vers les diff\u00e9rents cahiers des charges pour les organisations provinciales Ag mai : Lien Ag septembre : Lien Comp\u00e9tition Bastogne : lien Comp\u00e9tition Tenneville : lien<\/p>\n","protected":false},"author":10,"featured_media":0,"parent":12,"menu_order":0,"comment_status":"closed","ping_status":"closed","template":"","meta":{"footnotes":""},"class_list":["post-756","page","type-page","status-publish","hentry"],"_links":{"self":[{"href":"https:\/\/luxembourg.aftt.be\/index.php\/wp-json\/wp\/v2\/pages\/756","targetHints":{"allow":["GET"]}}],"collection":[{"href":"https:\/\/luxembourg.aftt.be\/index.php\/wp-json\/wp\/v2\/pages"}],"about":[{"href":"https:\/\/luxembourg.aftt.be\/index.php\/wp-json\/wp\/v2\/types\/page"}],"author":[{"embeddable":true,"href":"https:\/\/luxembourg.aftt.be\/index.php\/wp-json\/wp\/v2\/users\/10"}],"replies":[{"embeddable":true,"href":"https:\/\/luxembourg.aftt.be\/index.php\/wp-json\/wp\/v2\/comments?post=756"}],"version-history":[{"count":7,"href":"https:\/\/luxembourg.aftt.be\/index.php\/wp-json\/wp\/v2\/pages\/756\/revisions"}],"predecessor-version":[{"id":5158,"href":"https:\/\/luxembourg.aftt.be\/index.php\/wp-json\/wp\/v2\/pages\/756\/revisions\/5158"}],"up":[{"embeddable":true,"href":"https:\/\/luxembourg.aftt.be\/index.php\/wp-json\/wp\/v2\/pages\/12"}],"wp:attachment":[{"href":"https:\/\/luxembourg.aftt.be\/index.php\/wp-json\/wp\/v2\/media?parent=756"}],"curies":[{"name":"wp","href":"https:\/\/api.w.org\/{rel}","templated":true}]}}