{"id":5690,"date":"2025-02-27T15:35:36","date_gmt":"2025-02-27T15:35:36","guid":{"rendered":"https:\/\/luxembourg.aftt.be\/?page_id=5690"},"modified":"2025-02-27T16:40:16","modified_gmt":"2025-02-27T15:40:16","slug":"reglement-p7","status":"publish","type":"page","link":"https:\/\/luxembourg.aftt.be\/index.php\/reglement-p7\/","title":{"rendered":"R\u00e8glement P7"},"content":{"rendered":"\n\n\n<p>Vous trouverez dans le document en lien ci-dessous, le r\u00e8glement sp\u00e9cifique \u00e0 la P7<\/p>\n<p><a href=\"https:\/\/luxembourg.aftt.be\/wp-content\/uploads\/2025\/02\/Regles-de-la-division-7.pdf\" data-wplink-edit=\"true\">lien<\/a><\/p>\n\n\n\n<figure class=\"wp-block-image size-full\"><img loading=\"lazy\" decoding=\"async\" width=\"527\" height=\"741\" src=\"https:\/\/luxembourg.aftt.be\/wp-content\/uploads\/2025\/02\/reglementP7.jpg\" alt=\"\" class=\"wp-image-5694\" srcset=\"https:\/\/luxembourg.aftt.be\/wp-content\/uploads\/2025\/02\/reglementP7.jpg 527w, https:\/\/luxembourg.aftt.be\/wp-content\/uploads\/2025\/02\/reglementP7-213x300.jpg 213w\" sizes=\"auto, (max-width: 527px) 100vw, 527px\" \/><\/figure>\n","protected":false},"excerpt":{"rendered":"<p>Vous trouverez dans le document en lien ci-dessous, le r\u00e8glement sp\u00e9cifique \u00e0 la P7 lien<\/p>\n","protected":false},"author":12,"featured_media":0,"parent":0,"menu_order":0,"comment_status":"closed","ping_status":"closed","template":"","meta":{"footnotes":""},"class_list":["post-5690","page","type-page","status-publish","hentry"],"_links":{"self":[{"href":"https:\/\/luxembourg.aftt.be\/index.php\/wp-json\/wp\/v2\/pages\/5690","targetHints":{"allow":["GET"]}}],"collection":[{"href":"https:\/\/luxembourg.aftt.be\/index.php\/wp-json\/wp\/v2\/pages"}],"about":[{"href":"https:\/\/luxembourg.aftt.be\/index.php\/wp-json\/wp\/v2\/types\/page"}],"author":[{"embeddable":true,"href":"https:\/\/luxembourg.aftt.be\/index.php\/wp-json\/wp\/v2\/users\/12"}],"replies":[{"embeddable":true,"href":"https:\/\/luxembourg.aftt.be\/index.php\/wp-json\/wp\/v2\/comments?post=5690"}],"version-history":[{"count":2,"href":"https:\/\/luxembourg.aftt.be\/index.php\/wp-json\/wp\/v2\/pages\/5690\/revisions"}],"predecessor-version":[{"id":5695,"href":"https:\/\/luxembourg.aftt.be\/index.php\/wp-json\/wp\/v2\/pages\/5690\/revisions\/5695"}],"wp:attachment":[{"href":"https:\/\/luxembourg.aftt.be\/index.php\/wp-json\/wp\/v2\/media?parent=5690"}],"curies":[{"name":"wp","href":"https:\/\/api.w.org\/{rel}","templated":true}]}}