{"id":4772,"date":"2023-10-26T08:17:02","date_gmt":"2023-10-26T08:17:02","guid":{"rendered":"https:\/\/luxembourg.aftt.be\/?page_id=4772"},"modified":"2026-03-13T10:16:47","modified_gmt":"2026-03-13T09:16:47","slug":"amendes","status":"publish","type":"page","link":"https:\/\/luxembourg.aftt.be\/index.php\/amendes\/","title":{"rendered":"Amendes"},"content":{"rendered":"\n<p>Ci-dessous, un lien vers un fichier pour consulter les amendes.<\/p>\n<p>Dans la mesure du possible, ce lien sera mis \u00e0 jour chaque semaine. Vous pouvez choisir les journ\u00e9es ou m\u00eame le club d\u00e9sir\u00e9. Vous pouvez \u00e9galement visualiser les amendes sur le site r\u00e9sultat.<\/p>\n<p>Amendes 25-26 : <a href=\"https:\/\/luxembourg.aftt.be\/wp-content\/uploads\/2026\/03\/amendes-25-26.pdf\">lien<\/a><\/p>\n<p>Amende par club par semaine 25 &#8211; 26 <a href=\"https:\/\/luxembourg.aftt.be\/wp-content\/uploads\/2026\/03\/amendes-25-26.xlsx\">lien<\/a><\/p>\n<p><!--more--><\/p>\n<p>Amende par club par semaine 24 &#8211; 25<a href=\"https:\/\/luxembourg.aftt.be\/wp-content\/uploads\/2025\/05\/amendes-24-25.xlsx\">\u00a0lien<\/a><\/p>\n\n\n","protected":false},"excerpt":{"rendered":"<p>Ci-dessous, un lien vers un fichier pour consulter les amendes. Dans la mesure du possible, ce lien sera mis \u00e0 jour chaque semaine. Vous pouvez choisir les journ\u00e9es ou m\u00eame le club d\u00e9sir\u00e9. Vous pouvez \u00e9galement visualiser les amendes sur le site r\u00e9sultat. Amendes 25-26 : lien Amende par club par semaine 25 &#8211; 26 lien<\/p>\n","protected":false},"author":12,"featured_media":0,"parent":0,"menu_order":1,"comment_status":"closed","ping_status":"closed","template":"","meta":{"footnotes":""},"class_list":["post-4772","page","type-page","status-publish","hentry"],"_links":{"self":[{"href":"https:\/\/luxembourg.aftt.be\/index.php\/wp-json\/wp\/v2\/pages\/4772","targetHints":{"allow":["GET"]}}],"collection":[{"href":"https:\/\/luxembourg.aftt.be\/index.php\/wp-json\/wp\/v2\/pages"}],"about":[{"href":"https:\/\/luxembourg.aftt.be\/index.php\/wp-json\/wp\/v2\/types\/page"}],"author":[{"embeddable":true,"href":"https:\/\/luxembourg.aftt.be\/index.php\/wp-json\/wp\/v2\/users\/12"}],"replies":[{"embeddable":true,"href":"https:\/\/luxembourg.aftt.be\/index.php\/wp-json\/wp\/v2\/comments?post=4772"}],"version-history":[{"count":24,"href":"https:\/\/luxembourg.aftt.be\/index.php\/wp-json\/wp\/v2\/pages\/4772\/revisions"}],"predecessor-version":[{"id":6141,"href":"https:\/\/luxembourg.aftt.be\/index.php\/wp-json\/wp\/v2\/pages\/4772\/revisions\/6141"}],"wp:attachment":[{"href":"https:\/\/luxembourg.aftt.be\/index.php\/wp-json\/wp\/v2\/media?parent=4772"}],"curies":[{"name":"wp","href":"https:\/\/api.w.org\/{rel}","templated":true}]}}