{"id":2105,"date":"2019-02-08T21:03:37","date_gmt":"2019-02-08T20:03:37","guid":{"rendered":"http:\/\/www.aftt.be\/luxembourg\/?page_id=2105"},"modified":"2024-10-07T09:07:21","modified_gmt":"2024-10-07T08:07:21","slug":"videos-explicatives","status":"publish","type":"page","link":"https:\/\/luxembourg.aftt.be\/index.php\/videos-explicatives\/","title":{"rendered":"Vid\u00e9os explicatives"},"content":{"rendered":"<p>Vous trouverez ci-dessous plusieurs explicatives sur l&rsquo;utilisation du site http:\/\/resultats.aftt.be ou sur l&rsquo;espace personnel.<\/p>\n<p>Bon visionnage<\/p>\n<p style=\"text-align: center;\"><span style=\"color: #ff0000;\">Pour tous<\/span><\/p>\n<ul>\n<li>Pour visualiser les calendriers par club (site r\u00e9sultats) : vid\u00e9o <a href=\"http:\/\/www.aftt.be\/luxembourg\/wp-content\/uploads\/2019\/09\/calendrier-partie-1.mov\" target=\"_blank\" rel=\"noopener noreferrer\">1<\/a> &#8211; <a href=\"http:\/\/www.aftt.be\/luxembourg\/wp-content\/uploads\/2019\/09\/calendrier-partie-2.mov\" target=\"_blank\" rel=\"noopener noreferrer\">2<\/a><\/li>\n<li>Pour visualiser les s\u00e9lections maximum pour le tour final (16\/03\/19): <a href=\"http:\/\/www.aftt.be\/luxembourg\/wp-content\/uploads\/2019\/02\/s\u00e9lection-max-3.mov\" data-wplink-edit=\"true\">lien<\/a><\/li>\n<li>Pour t\u00e9l\u00e9charger le classement de vos \u00e9quipes comme anciennement vid\u00e9o <a href=\"http:\/\/www.aftt.be\/luxembourg\/wp-content\/uploads\/2019\/01\/classement-comme-anciennement.mov\">1<\/a> &#8211; <a href=\"http:\/\/www.aftt.be\/luxembourg\/wp-content\/uploads\/2019\/01\/cr\u00e9er-liste-de-division.mov\">2<\/a><\/li>\n<li>Pour s&rsquo;inscrire \u00e0 une comp\u00e9tition (site \u00ab\u00a0r\u00e9sultats\u00a0\u00bb) :\u00a0<a href=\"http:\/\/www.aftt.be\/luxembourg\/wp-content\/uploads\/2019\/01\/inscription-tournois.mov\">lien<\/a><\/li>\n<li>Pour s&rsquo;enregistrer sur le site \u00ab\u00a0r\u00e9sultats\u00a0\u00bb : <a href=\"https:\/\/www.youtube.com\/watch?v=GWZ4HRCnJjs\" data-wplink-edit=\"true\">lien<\/a><\/li>\n<li>Pour visualiser les amendes sur le site \u00ab\u00a0r\u00e9sultats\u00a0\u00bb : <a href=\"http:\/\/www.aftt.be\/luxembourg\/wp-content\/uploads\/2019\/01\/visualiser-les-amendes.mov\">lien<\/a><\/li>\n<\/ul>\n<p style=\"text-align: center;\"><span style=\"color: #ff0000;\">Pour les responsables des clubs<br \/>\n<\/span><\/p>\n<ul>\n<li>Pour donner les pouvoirs du secr\u00e9taire ou un pouvoir \u00ab\u00a0d&rsquo;encodeur\u00a0\u00bb \u00e0 un autre membre du club (Espace personnel) : <a href=\"http:\/\/www.aftt.be\/luxembourg\/wp-content\/uploads\/2019\/01\/donner-pouvoir.mov\">lien<\/a><\/li>\n<li>Pour envoyer la s\u00e9lection des \u00e9quipes \u00e0 tous les joueurs (site r\u00e9sultats) : <a href=\"http:\/\/www.aftt.be\/luxembourg\/wp-content\/uploads\/2019\/01\/s\u00e9lection-\u00e9quipe.mov\">lien<\/a><\/li>\n<li>Pour modifier les informations du club ou des joueurs (espace personnel secr\u00e9taire) : <a href=\"http:\/\/www.aftt.be\/luxembourg\/wp-content\/uploads\/2019\/01\/changer-infos-club-affili\u00e9s.mov\">lien<\/a><\/li>\n<li>Encodage r\u00e9sultats et feuilles de match : <a href=\"https:\/\/luxembourg.aftt.be\/wp-content\/uploads\/2024\/10\/comment-encoder.flv\">lien<\/a><\/li>\n<\/ul>\n","protected":false},"excerpt":{"rendered":"<p>Vous trouverez ci-dessous plusieurs explicatives sur l&rsquo;utilisation du site http:\/\/resultats.aftt.be ou sur l&rsquo;espace personnel. Bon visionnage Pour tous Pour visualiser les calendriers par club (site r\u00e9sultats) : vid\u00e9o 1 &#8211; 2 Pour visualiser les s\u00e9lections maximum pour le tour final (16\/03\/19): lien Pour t\u00e9l\u00e9charger le classement de vos \u00e9quipes comme anciennement vid\u00e9o 1 &#8211; 2 Pour s&rsquo;inscrire \u00e0 une comp\u00e9tition<\/p>\n","protected":false},"author":12,"featured_media":0,"parent":0,"menu_order":0,"comment_status":"closed","ping_status":"closed","template":"","meta":{"footnotes":""},"class_list":["post-2105","page","type-page","status-publish","hentry"],"_links":{"self":[{"href":"https:\/\/luxembourg.aftt.be\/index.php\/wp-json\/wp\/v2\/pages\/2105","targetHints":{"allow":["GET"]}}],"collection":[{"href":"https:\/\/luxembourg.aftt.be\/index.php\/wp-json\/wp\/v2\/pages"}],"about":[{"href":"https:\/\/luxembourg.aftt.be\/index.php\/wp-json\/wp\/v2\/types\/page"}],"author":[{"embeddable":true,"href":"https:\/\/luxembourg.aftt.be\/index.php\/wp-json\/wp\/v2\/users\/12"}],"replies":[{"embeddable":true,"href":"https:\/\/luxembourg.aftt.be\/index.php\/wp-json\/wp\/v2\/comments?post=2105"}],"version-history":[{"count":14,"href":"https:\/\/luxembourg.aftt.be\/index.php\/wp-json\/wp\/v2\/pages\/2105\/revisions"}],"predecessor-version":[{"id":5471,"href":"https:\/\/luxembourg.aftt.be\/index.php\/wp-json\/wp\/v2\/pages\/2105\/revisions\/5471"}],"wp:attachment":[{"href":"https:\/\/luxembourg.aftt.be\/index.php\/wp-json\/wp\/v2\/media?parent=2105"}],"curies":[{"name":"wp","href":"https:\/\/api.w.org\/{rel}","templated":true}]}}