{"id":19,"date":"2017-07-14T17:02:00","date_gmt":"2017-07-14T16:02:00","guid":{"rendered":"http:\/\/www.aftt.be\/luxembourg\/?page_id=19"},"modified":"2017-07-23T15:18:05","modified_gmt":"2017-07-23T14:18:05","slug":"commission-veterans","status":"publish","type":"page","link":"https:\/\/luxembourg.aftt.be\/index.php\/commission-veterans\/","title":{"rendered":"Commission v\u00e9t\u00e9rans"},"content":{"rendered":"<p><strong>ARNOULD Fr\u00e9d\u00e9ric<\/strong><\/p>\n<p>Adresse :\u00a0La Hailleule, 28 \u2013 6810 JAMOIGNE<\/p>\n<p>GSM :\u00a00497\/29.75.59<\/p>\n<p>TEL :\u00a0\uf028 061\/32.83.68<\/p>\n<p>Email :\u00a0frederic-arnould@proximus.be<\/p>\n","protected":false},"excerpt":{"rendered":"<p>ARNOULD Fr\u00e9d\u00e9ric Adresse :\u00a0La Hailleule, 28 \u2013 6810 JAMOIGNE GSM :\u00a00497\/29.75.59 TEL :\u00a0\uf028 061\/32.83.68 Email :\u00a0frederic-arnould@proximus.be<\/p>\n","protected":false},"author":1,"featured_media":0,"parent":0,"menu_order":0,"comment_status":"closed","ping_status":"closed","template":"","meta":{"footnotes":""},"class_list":["post-19","page","type-page","status-publish","hentry"],"_links":{"self":[{"href":"https:\/\/luxembourg.aftt.be\/index.php\/wp-json\/wp\/v2\/pages\/19","targetHints":{"allow":["GET"]}}],"collection":[{"href":"https:\/\/luxembourg.aftt.be\/index.php\/wp-json\/wp\/v2\/pages"}],"about":[{"href":"https:\/\/luxembourg.aftt.be\/index.php\/wp-json\/wp\/v2\/types\/page"}],"author":[{"embeddable":true,"href":"https:\/\/luxembourg.aftt.be\/index.php\/wp-json\/wp\/v2\/users\/1"}],"replies":[{"embeddable":true,"href":"https:\/\/luxembourg.aftt.be\/index.php\/wp-json\/wp\/v2\/comments?post=19"}],"version-history":[{"count":2,"href":"https:\/\/luxembourg.aftt.be\/index.php\/wp-json\/wp\/v2\/pages\/19\/revisions"}],"predecessor-version":[{"id":332,"href":"https:\/\/luxembourg.aftt.be\/index.php\/wp-json\/wp\/v2\/pages\/19\/revisions\/332"}],"wp:attachment":[{"href":"https:\/\/luxembourg.aftt.be\/index.php\/wp-json\/wp\/v2\/media?parent=19"}],"curies":[{"name":"wp","href":"https:\/\/api.w.org\/{rel}","templated":true}]}}